{"id":219,"date":"2020-10-01T23:47:52","date_gmt":"2020-10-01T21:47:52","guid":{"rendered":"https:\/\/tgp-papenburg.de\/?page_id=219"},"modified":"2026-03-02T19:19:53","modified_gmt":"2026-03-02T18:19:53","slug":"hausriff","status":"publish","type":"page","link":"https:\/\/tgp-papenburg.de\/?page_id=219","title":{"rendered":"Hausriff"},"content":{"rendered":"\n<p class=\"has-text-align-center\">Unser Hausriff ist die Gesprengte Br\u00fccke in Aschendorf, wir teilen uns das Gew\u00e4sser mit dem <a href=\"http:\/\/www.sfv-papenburg.de\/index.php\">Angelverein Papenburg<\/a>. Das Tauchgebiet erstreckt sich von der Bokeler Stra\u00dfe aus bis zur Boje in der Mitte des Sees. Wer dort also tauchen geht, muss sich seine Tauchstrecke vorher anschauen und sollte die Ruhe unserer Sportskameraden des Angelvereins nicht st\u00f6ren.<\/p>\n\n\n\n<p class=\"has-text-align-center\"><strong>History<\/strong><br>Die Gesprengte Br\u00fccke geh\u00f6rt zu einem Kanalprojekt der 30er Jahre. 1936 wurde der Versuch unternomen einen Stichkanal vom K\u00fcstenkanal zum Dortmund-Ems-Kanal zu bauen, dieses Projekt wurde zu Beginn des 2. Weltkrieges wieder eingestellt.<br>Die Besonderheit der Gesprengten Br\u00fccke sind die beiden 5m hohen Spundw\u00e4nde, die links und rechts des See zu sehen sind. Dort entstand eine Br\u00fccke, die eine Verbindung von Papenburg nach Aschendorf erm\u00f6glichte. Diese Br\u00fccke wurde vermutlich im Laufe des Krieges gesprengt wurde, die beiden Br\u00fcckenk\u00f6pfe sind noch bis in 80er Jahre erhalten geblieben und wurden dann aus alters Gr\u00fcnden entfernt. Heute bleiben als Erinngerung nur noch die beiden Spundw\u00e4nde.<\/p>\n\n\n\n<p class=\"has-text-align-center\"><strong>Was gibt es in See zu sehen?<\/strong><br>In unserem Hausriff gibt es eine vielfalt von Fisch. Aal, Barsch, Hecht, Karpfen, Zander, Flusskrebse und die Moostierchen teilen sich dort das ca. 5m Tiefe Gew\u00e4sser.<\/p>\n\n\n\n<p class=\"has-text-align-center\"><strong>Besonderheiten<\/strong><br>Direkt von der Bokeler Stra\u00dfe aus kann man auf das Gel\u00e4nde fahren und den Bereich als Parkm\u00f6glichkeit nutzen, von dort aus ist ein erster Einstieg in den See empfehlenswert.<br>Der See bietet viele Badem\u00f6glichkeiten und kann zu Fu\u00df umrundet werden. <\/p>\n\n\n\n<p class=\"has-vivid-red-color has-text-color has-link-color has-medium-font-size wp-elements-b769dbbd12d34418d389996e3c06e42f\"><strong><em>Das Tauchen ohne eine Genehmigung ist verboten!<\/em><\/strong><br>Die Genehmigung wird durch die Tauchgemeinschaft Papenburg1979 e.V. erteilt.<\/p>\n\n\n\n<p class=\"has-white-color has-text-color\">.<\/p>\n\n\n<div class=\"wp-block-image\">\n<figure class=\"aligncenter size-large is-resized\"><img loading=\"lazy\" decoding=\"async\" width=\"168\" height=\"168\" src=\"https:\/\/tgp-papenburg.de\/wp-content\/uploads\/2021\/04\/Video-Icon.png\" alt=\"\" class=\"wp-image-2711\" style=\"width:125px;height:125px\" srcset=\"https:\/\/tgp-papenburg.de\/wp-content\/uploads\/2021\/04\/Video-Icon.png 168w, https:\/\/tgp-papenburg.de\/wp-content\/uploads\/2021\/04\/Video-Icon-150x150.png 150w\" sizes=\"auto, (max-width: 168px) 100vw, 168px\" \/><\/figure>\n<\/div>\n\n\n<div style=\"height:29px\" aria-hidden=\"true\" class=\"wp-block-spacer\"><\/div>\n\n\n\n<div class=\"wp-block-columns is-layout-flex wp-container-core-columns-is-layout-9d6595d7 wp-block-columns-is-layout-flex\">\n<div class=\"wp-block-column is-layout-flow wp-block-column-is-layout-flow\"><p><iframe loading=\"lazy\" src=\"https:\/\/www.youtube.com\/embed\/E2I5hms0IY0\" title=\"YouTube video player\" allow=\"accelerometer; autoplay; clipboard-write; encrypted-media; gyroscope; picture-in-picture\" allowfullscreen=\"\" width=\"560\" height=\"315\" frameborder=\"0\"><\/iframe><\/p>\n<\/div>\n\n\n\n<div class=\"wp-block-column is-layout-flow wp-block-column-is-layout-flow\"><p><iframe loading=\"lazy\" src=\"https:\/\/www.youtube.com\/embed\/rEvNa4DM8v8\" title=\"YouTube video player\" allow=\"accelerometer; autoplay; clipboard-write; encrypted-media; gyroscope; picture-in-picture\" allowfullscreen=\"\" width=\"560\" height=\"315\" frameborder=\"0\"><\/iframe><\/p>\n<\/div>\n\n\n\n<div class=\"wp-block-column is-layout-flow wp-block-column-is-layout-flow\"><p><iframe loading=\"lazy\" src=\"https:\/\/www.youtube.com\/embed\/dLb5-h-42iQ\" title=\"YouTube video player\" allow=\"accelerometer; autoplay; clipboard-write; encrypted-media; gyroscope; picture-in-picture\" allowfullscreen=\"\" width=\"560\" height=\"315\" frameborder=\"0\"><\/iframe><\/p>\n<\/div>\n<\/div>\n\n\n\n<p class=\"has-white-color has-text-color\">.<\/p>\n","protected":false},"excerpt":{"rendered":"<p>Unser Hausriff ist die Gesprengte Br\u00fccke in Aschendorf, wir teilen uns das Gew\u00e4sser mit dem Angelverein Papenburg. Das Tauchgebiet erstreckt sich von der Bokeler Stra\u00dfe aus bis zur Boje in der Mitte des Sees. Wer dort also tauchen geht, muss sich seine Tauchstrecke vorher anschauen und sollte die Ruhe unserer Sportskameraden des Angelvereins nicht st\u00f6ren.&hellip; <br \/> <a class=\"read-more\" href=\"https:\/\/tgp-papenburg.de\/?page_id=219\">Weiterlesen<\/a><\/p>\n","protected":false},"author":1,"featured_media":0,"parent":35,"menu_order":5,"comment_status":"closed","ping_status":"closed","template":"","meta":{"ngg_post_thumbnail":0,"footnotes":""},"class_list":["post-219","page","type-page","status-publish","hentry"],"_links":{"self":[{"href":"https:\/\/tgp-papenburg.de\/index.php?rest_route=\/wp\/v2\/pages\/219","targetHints":{"allow":["GET"]}}],"collection":[{"href":"https:\/\/tgp-papenburg.de\/index.php?rest_route=\/wp\/v2\/pages"}],"about":[{"href":"https:\/\/tgp-papenburg.de\/index.php?rest_route=\/wp\/v2\/types\/page"}],"author":[{"embeddable":true,"href":"https:\/\/tgp-papenburg.de\/index.php?rest_route=\/wp\/v2\/users\/1"}],"replies":[{"embeddable":true,"href":"https:\/\/tgp-papenburg.de\/index.php?rest_route=%2Fwp%2Fv2%2Fcomments&post=219"}],"version-history":[{"count":17,"href":"https:\/\/tgp-papenburg.de\/index.php?rest_route=\/wp\/v2\/pages\/219\/revisions"}],"predecessor-version":[{"id":5588,"href":"https:\/\/tgp-papenburg.de\/index.php?rest_route=\/wp\/v2\/pages\/219\/revisions\/5588"}],"up":[{"embeddable":true,"href":"https:\/\/tgp-papenburg.de\/index.php?rest_route=\/wp\/v2\/pages\/35"}],"wp:attachment":[{"href":"https:\/\/tgp-papenburg.de\/index.php?rest_route=%2Fwp%2Fv2%2Fmedia&parent=219"}],"curies":[{"name":"wp","href":"https:\/\/api.w.org\/{rel}","templated":true}]}}