{"id":2244,"date":"2021-01-29T21:51:31","date_gmt":"2021-01-29T20:51:31","guid":{"rendered":"https:\/\/tgp-papenburg.de\/?page_id=2244"},"modified":"2026-03-02T19:34:32","modified_gmt":"2026-03-02T18:34:32","slug":"handicap-diving","status":"publish","type":"page","link":"https:\/\/tgp-papenburg.de\/?page_id=2244","title":{"rendered":"Handicap Diving"},"content":{"rendered":"\n\n\n\n<p class=\"has-white-color has-text-color\">.<\/p>\n\n\n<div class=\"wp-block-image\">\n<figure class=\"aligncenter size-large is-resized\"><img loading=\"lazy\" decoding=\"async\" width=\"163\" height=\"165\" src=\"https:\/\/tgp-papenburg.de\/wp-content\/uploads\/2021\/04\/Icon-wheelchair.png\" alt=\"\" class=\"wp-image-2806\" style=\"width:125px;height:125px\"\/><\/figure>\n<\/div>\n\n\n<div style=\"height:30px\" aria-hidden=\"true\" class=\"wp-block-spacer\"><\/div>\n\n\n\n<p class=\"has-text-align-center\">Auch f\u00fcr Menschen mit Behinderung ist das Tauchen keine Utopie. Menschen mit Behinderung erleben die Schwerelosigkeit des Tauchens als neues Lebensgef\u00fchl. Wir im Verband Deutscher Sporttaucher wollen Menschen mit Behinderung an dieser Faszination teilhaben lassen.<\/p>\n\n\n\n<p class=\"has-white-color has-text-color\">.<\/p>\n\n\n<div class=\"wp-block-image\">\n<figure class=\"aligncenter size-large is-resized\"><img loading=\"lazy\" decoding=\"async\" width=\"777\" height=\"777\" src=\"https:\/\/tgp-papenburg.de\/wp-content\/uploads\/2021\/04\/Tauch-icon-orange.png\" alt=\"\" class=\"wp-image-2807\" style=\"width:125px;height:125px\" srcset=\"https:\/\/tgp-papenburg.de\/wp-content\/uploads\/2021\/04\/Tauch-icon-orange.png 777w, https:\/\/tgp-papenburg.de\/wp-content\/uploads\/2021\/04\/Tauch-icon-orange-300x300.png 300w, https:\/\/tgp-papenburg.de\/wp-content\/uploads\/2021\/04\/Tauch-icon-orange-150x150.png 150w, https:\/\/tgp-papenburg.de\/wp-content\/uploads\/2021\/04\/Tauch-icon-orange-768x768.png 768w\" sizes=\"auto, (max-width: 777px) 100vw, 777px\" \/><\/figure>\n<\/div>\n\n\n<div style=\"height:30px\" aria-hidden=\"true\" class=\"wp-block-spacer\"><\/div>\n\n\n\n<p class=\"has-text-align-center\">Das Tauchen f\u00fcr Menschen mit Behinderung ist in der TGP nach Richtlinie des Verband Deutscher Sporttaucher e.V. m\u00f6glich. Unser Ziel ist es mit K\u00f6rperbehinderten, Geh\u00f6rlosen und Blinden mit einer besonders betreuten und geschulten Ausbildung abzutauchen. <br>Wir vermitteln das notwendige Wissen und die der eingeschr\u00e4nkten Leistungsf\u00e4higkeit angepasste Praxis. Zun\u00e4chst im Schwimmbad bevor die ersten Freiwassertauchg\u00e4nge im See oder vom Boot ausunternommen werden.<\/p>\n\n\n\n<p class=\"has-white-color has-text-color\">.<\/p>\n\n\n<div class=\"wp-block-image\">\n<figure class=\"aligncenter size-large is-resized\"><img loading=\"lazy\" decoding=\"async\" width=\"413\" height=\"416\" src=\"https:\/\/tgp-papenburg.de\/wp-content\/uploads\/2021\/04\/like-lila.png\" alt=\"\" class=\"wp-image-2815\" style=\"width:125px;height:125px\" srcset=\"https:\/\/tgp-papenburg.de\/wp-content\/uploads\/2021\/04\/like-lila.png 413w, https:\/\/tgp-papenburg.de\/wp-content\/uploads\/2021\/04\/like-lila-298x300.png 298w, https:\/\/tgp-papenburg.de\/wp-content\/uploads\/2021\/04\/like-lila-150x150.png 150w\" sizes=\"auto, (max-width: 413px) 100vw, 413px\" \/><\/figure>\n<\/div>\n\n\n<div style=\"height:30px\" aria-hidden=\"true\" class=\"wp-block-spacer\"><\/div>\n\n\n\n<p class=\"has-text-align-center\">Wer also gern Tauchen m\u00f6chte, kann sich direkt an den 1. Vorsitzenden <a href=\"mailto:wotte@tgp-papenburg.de\">Norbert Wotte<\/a> wenden. Ob man mit seiner Behinderung tauchen darf entscheidet aber letztlich der untersuchende Arzt. Dieses ist bei Menschen mit Behinderung ohne Behinderung gleich. Nur mit einer g\u00fcltigen \u00e4rztlichen Bescheinigung kann man behindert oder nicht behindert eine Tauchausbildung machen.<\/p>\n\n\n\n<p class=\"has-white-color has-text-color\">.<\/p>\n","protected":false},"excerpt":{"rendered":"<p>. Auch f\u00fcr Menschen mit Behinderung ist das Tauchen keine Utopie. Menschen mit Behinderung erleben die Schwerelosigkeit des Tauchens als neues Lebensgef\u00fchl. Wir im Verband Deutscher Sporttaucher wollen Menschen mit Behinderung an dieser Faszination teilhaben lassen. . Das Tauchen f\u00fcr Menschen mit Behinderung ist in der TGP nach Richtlinie des Verband Deutscher Sporttaucher e.V. m\u00f6glich.&hellip; <br \/> <a class=\"read-more\" href=\"https:\/\/tgp-papenburg.de\/?page_id=2244\">Weiterlesen<\/a><\/p>\n","protected":false},"author":1,"featured_media":0,"parent":37,"menu_order":0,"comment_status":"closed","ping_status":"closed","template":"","meta":{"ngg_post_thumbnail":0,"footnotes":""},"class_list":["post-2244","page","type-page","status-publish","hentry"],"_links":{"self":[{"href":"https:\/\/tgp-papenburg.de\/index.php?rest_route=\/wp\/v2\/pages\/2244","targetHints":{"allow":["GET"]}}],"collection":[{"href":"https:\/\/tgp-papenburg.de\/index.php?rest_route=\/wp\/v2\/pages"}],"about":[{"href":"https:\/\/tgp-papenburg.de\/index.php?rest_route=\/wp\/v2\/types\/page"}],"author":[{"embeddable":true,"href":"https:\/\/tgp-papenburg.de\/index.php?rest_route=\/wp\/v2\/users\/1"}],"replies":[{"embeddable":true,"href":"https:\/\/tgp-papenburg.de\/index.php?rest_route=%2Fwp%2Fv2%2Fcomments&post=2244"}],"version-history":[{"count":12,"href":"https:\/\/tgp-papenburg.de\/index.php?rest_route=\/wp\/v2\/pages\/2244\/revisions"}],"predecessor-version":[{"id":5599,"href":"https:\/\/tgp-papenburg.de\/index.php?rest_route=\/wp\/v2\/pages\/2244\/revisions\/5599"}],"up":[{"embeddable":true,"href":"https:\/\/tgp-papenburg.de\/index.php?rest_route=\/wp\/v2\/pages\/37"}],"wp:attachment":[{"href":"https:\/\/tgp-papenburg.de\/index.php?rest_route=%2Fwp%2Fv2%2Fmedia&parent=2244"}],"curies":[{"name":"wp","href":"https:\/\/api.w.org\/{rel}","templated":true}]}}