{"id":276,"date":"2020-10-06T15:15:21","date_gmt":"2020-10-06T13:15:21","guid":{"rendered":"https:\/\/tgp-papenburg.de\/?page_id=276"},"modified":"2026-03-03T11:25:05","modified_gmt":"2026-03-03T10:25:05","slug":"mitgliedschaft","status":"publish","type":"page","link":"https:\/\/tgp-papenburg.de\/?page_id=276","title":{"rendered":"Mitgliedschaft"},"content":{"rendered":"\n<div class=\"wp-block-media-text alignwide has-media-on-the-right is-stacked-on-mobile\" style=\"grid-template-columns:auto 46%\"><div class=\"wp-block-media-text__content\">\n<p class=\"has-normal-font-size\">Die&nbsp;<a href=\"https:\/\/tgp-papenburg.de\/?page_id=1651\" target=\"_blank\" rel=\"noreferrer noopener\">Mitgliedschaft in der Tauchgemeinschaft<\/a> Papenburg 1979 e.V.ist beim Vorstand zu beantragen. Einen entsprechenden Antrag findest Du in der Mediathek, unten oder rechts \u00fcber die Grafik zum Herunterladen oder&nbsp;<a href=\"https:\/\/tgp-papenburg.de\/?page_id=1651\" target=\"_blank\" rel=\"noreferrer noopener\">wenn du hier klickst.<\/a>&nbsp;Die f\u00fcr eine Mitgliedschaft anfallenden Kosten sind detailiert in der Beitrittserkl\u00e4rung aufgef\u00fchrt, lassen sich aber auch aus unten folgender Auflistung entnehmen und beinhalten neben den monatlichen Beitr\u00e4gen f\u00fcr den Verein noch weitere Leistungen.<\/p>\n<\/div><figure class=\"wp-block-media-text__media\"><a href=\"https:\/\/tgp-papenburg.de\/mediathek\/download\/\"><img loading=\"lazy\" decoding=\"async\" width=\"879\" height=\"1024\" src=\"https:\/\/tgp-papenburg.de\/wp-content\/uploads\/2021\/04\/Vorstand-879x1024.png\" alt=\"\" class=\"wp-image-2689 size-full\" srcset=\"https:\/\/tgp-papenburg.de\/wp-content\/uploads\/2021\/04\/Vorstand-879x1024.png 879w, https:\/\/tgp-papenburg.de\/wp-content\/uploads\/2021\/04\/Vorstand-257x300.png 257w, https:\/\/tgp-papenburg.de\/wp-content\/uploads\/2021\/04\/Vorstand-768x895.png 768w, https:\/\/tgp-papenburg.de\/wp-content\/uploads\/2021\/04\/Vorstand-1024x1193.png 1024w, https:\/\/tgp-papenburg.de\/wp-content\/uploads\/2021\/04\/Vorstand-927x1080.png 927w, https:\/\/tgp-papenburg.de\/wp-content\/uploads\/2021\/04\/Vorstand.png 1089w\" sizes=\"auto, (max-width: 879px) 100vw, 879px\" \/><\/a><\/figure><\/div>\n\n\n\n<p class=\"has-white-color has-text-color\">.<\/p>\n\n\n\n<div class=\"wp-block-media-text alignwide is-stacked-on-mobile\" style=\"grid-template-columns:44% auto\"><figure class=\"wp-block-media-text__media\"><a href=\"https:\/\/www.vdst.de\/\"><img loading=\"lazy\" decoding=\"async\" width=\"614\" height=\"539\" src=\"https:\/\/tgp-papenburg.de\/wp-content\/uploads\/2021\/04\/Tacuhversicherung.png\" alt=\"\" class=\"wp-image-2622 size-full\" srcset=\"https:\/\/tgp-papenburg.de\/wp-content\/uploads\/2021\/04\/Tacuhversicherung.png 614w, https:\/\/tgp-papenburg.de\/wp-content\/uploads\/2021\/04\/Tacuhversicherung-300x263.png 300w\" sizes=\"auto, (max-width: 614px) 100vw, 614px\" \/><\/a><\/figure><div class=\"wp-block-media-text__content\">\n<p class=\"has-normal-font-size\">Das sind unter anderem eine weltweite Tauchsportversicherung \u00fcber den Gerling-Konzern, eine weltweite Bergungs- und Unfallversicherung, eine Taucherhotline f\u00fcr Notf\u00e4lle sowie eine Auslandskrankenversicherung f\u00fcr aktive Taucher. Detailierte Informationen sind in der Brosch\u00fcre vom VDST zu finden, die \u00fcber den Link unten oder die Grafik rechts heruntergeladen werden kann. Sollte es doch einmal zu einem Unfall kommen, was wir nat\u00fcrlich nicht hoffen wollen, kannst Du hier an dieser Stelle auch gleich die notwendige Unfallschadenanzeige herunterladen. Auf solche Situationen vorbereitet zu sein, ist einfach besser.<\/p>\n<\/div><\/div>\n\n\n\n<p class=\"has-white-color has-text-color\">.<\/p>\n\n\n\n<div class=\"wp-block-media-text alignwide has-media-on-the-right is-stacked-on-mobile\" style=\"grid-template-columns:auto 48%\"><div class=\"wp-block-media-text__content\">\n<p class=\"has-normal-font-size\">Die Nutzung von vereinseigener Leihausr\u00fcstung zum Zwecke der Ausbildung ist bis zum Bestehen der Bronze-Pr\u00fcfung kostenlos. Die Kosten f\u00fcr die Pr\u00fcfungsgeb\u00fchren der einzelnen Brevetierungen und Spezialkurse sind Bereich Kursgeb\u00fchren zu finden. Die Beitr\u00e4ge f\u00fcr Flaschenf\u00fcllungen der DTG\u2019s, F\u00fcllzeiten und die Leihgeb\u00fchren f\u00fcr Ausr\u00fcstung werden noch gesondert auf dieser Webseite ver\u00f6ffentlicht.<\/p>\n<\/div><figure class=\"wp-block-media-text__media\"><img loading=\"lazy\" decoding=\"async\" width=\"568\" height=\"488\" src=\"https:\/\/tgp-papenburg.de\/wp-content\/uploads\/2021\/04\/Equipment.png\" alt=\"\" class=\"wp-image-2625 size-full\" srcset=\"https:\/\/tgp-papenburg.de\/wp-content\/uploads\/2021\/04\/Equipment.png 568w, https:\/\/tgp-papenburg.de\/wp-content\/uploads\/2021\/04\/Equipment-300x258.png 300w\" sizes=\"auto, (max-width: 568px) 100vw, 568px\" \/><\/figure><\/div>\n\n\n\n<p class=\"has-white-color has-text-color\">.<\/p>\n\n\n\n<div class=\"wp-block-media-text alignwide is-stacked-on-mobile\" style=\"grid-template-columns:15% auto\"><figure class=\"wp-block-media-text__media\"><img loading=\"lazy\" decoding=\"async\" width=\"209\" height=\"404\" src=\"https:\/\/tgp-papenburg.de\/wp-content\/uploads\/2021\/04\/Tauchpass.png\" alt=\"\" class=\"wp-image-2619 size-full\" srcset=\"https:\/\/tgp-papenburg.de\/wp-content\/uploads\/2021\/04\/Tauchpass.png 209w, https:\/\/tgp-papenburg.de\/wp-content\/uploads\/2021\/04\/Tauchpass-155x300.png 155w\" sizes=\"auto, (max-width: 209px) 100vw, 209px\" \/><\/figure><div class=\"wp-block-media-text__content\">\n<p class=\"has-normal-font-size\">Mit der Mitgliedschaft erh\u00e4lt man einen VDST-Tauchpass ausgestellt, in dem die Vereinszugeh\u00f6rigkeit dokumentiert wird und die Qualifikationsstufen beurkundet werden. Dieser Pass gilt weltweit als Nachweis f\u00fcr die eigene Qualifikation und muss auf den Tauchbasen weltweit vorgelegt werden. Zur Zeit betragen die Kosten f\u00fcr diesen Pass 20 \u20ac. F\u00fcr die Ausstellung des Taucherpasses sind ebenfalls 2 aktuelle Lichtbilder erforderlich. Die Lichtbilder m\u00fcssen auf der R\u00fcckseite leserlich mit Namen versehen sein (Achtung, nicht durchdr\u00fccken).<\/p>\n<\/div><\/div>\n\n\n\n<p class=\"has-white-color has-text-color\">.<\/p>\n\n\n\n<div class=\"wp-block-columns alignwide is-layout-flex wp-container-core-columns-is-layout-829b1d53 wp-block-columns-is-layout-flex\" style=\"margin-bottom:0\">\n<div class=\"wp-block-column has-luminous-vivid-amber-background-color has-text-color has-background has-link-color wp-elements-b51a9c67e58a444a975be9e66e589e14 is-layout-flow wp-block-column-is-layout-flow\" style=\"color:#000000;padding-top:2em;padding-right:2em;padding-bottom:2em;padding-left:2em\">\n<h1 class=\"wp-block-heading\" id=\"single\" style=\"font-size:35px\"><strong>Erwachsen<\/strong><\/h1>\n\n\n\n<hr class=\"wp-block-separator has-text-color has-css-opacity has-background is-style-wide\" style=\"background-color:#000000;color:#000000\"\/>\n\n\n\n<ul class=\"wp-block-list has-normal-font-size\">\n<li>ab 18 Jahre<\/li>\n\n\n\n<li>Aufnahmegeb\u00fchr (einmalig)<br>30,00\u20ac<\/li>\n<\/ul>\n\n\n\n<div class=\"wp-block-buttons alignfull is-horizontal is-content-justification-center is-layout-flex wp-container-core-buttons-is-layout-499968f5 wp-block-buttons-is-layout-flex\">\n<div class=\"wp-block-button has-custom-width wp-block-button__width-100\"><a class=\"wp-block-button__link has-white-color has-text-color has-background no-border-radius has-custom-font-size wp-element-button\" style=\"background-color:#000000;font-size:22px\">15,00\u20ac\/Monat<\/a><\/div>\n<\/div>\n<\/div>\n\n\n\n<div class=\"wp-block-column has-vivid-purple-background-color has-text-color has-background has-link-color wp-elements-d0fe46ee24bd394579ba9c428fa9e4a3 is-layout-flow wp-block-column-is-layout-flow\" style=\"color:#000000;padding-top:2em;padding-right:2em;padding-bottom:2em;padding-left:2em\">\n<h2 class=\"wp-block-heading\" id=\"family\" style=\"font-size:40px\"><strong>Familie<\/strong><\/h2>\n\n\n\n<p class=\"has-normal-font-size\" style=\"line-height:1.5\"><strong>1 Erwachsener, 1 Kind<\/strong><\/p>\n\n\n\n<hr class=\"wp-block-separator has-css-opacity is-style-wide\"\/>\n\n\n\n<ul class=\"wp-block-list has-normal-font-size\">\n<li>Kind unter 14 Jahre<\/li>\n\n\n\n<li>Aufnahmegeb\u00fchr (einmalig)<br>35,00\u20ac<br><\/li>\n<\/ul>\n\n\n\n<div class=\"wp-block-buttons alignfull is-horizontal is-content-justification-center is-layout-flex wp-container-core-buttons-is-layout-499968f5 wp-block-buttons-is-layout-flex\">\n<div class=\"wp-block-button has-custom-width wp-block-button__width-100 is-style-fill\"><a class=\"wp-block-button__link has-white-color has-text-color has-background has-custom-font-size wp-element-button\" style=\"border-top-left-radius:0px;border-top-right-radius:0px;border-bottom-left-radius:0px;border-bottom-right-radius:0px;background-color:#000000;font-size:22px\">20,00\u20ac\/Monat<\/a><\/div>\n<\/div>\n<\/div>\n\n\n\n<div class=\"wp-block-column has-vivid-cyan-blue-background-color has-text-color has-background has-link-color wp-elements-d78f5366769b945aa2ec67debe57ad57 is-layout-flow wp-block-column-is-layout-flow\" style=\"color:#000000;padding-top:2em;padding-right:2em;padding-bottom:2em;padding-left:2em\">\n<h2 class=\"wp-block-heading\" id=\"patron\" style=\"font-size:40px\"><strong>Familie<\/strong><\/h2>\n\n\n\n<p class=\"has-normal-font-size\"><strong>2 Erwachsene, 1 Kind<\/strong><\/p>\n\n\n\n<hr class=\"wp-block-separator has-css-opacity is-style-wide\"\/>\n\n\n\n<ul class=\"wp-block-list has-normal-font-size\">\n<li>Kind unter 14 Jahre<\/li>\n\n\n\n<li>Aufnahmegeb\u00fchr (einmalig) 60,00\u20ac<\/li>\n<\/ul>\n\n\n\n<div class=\"wp-block-buttons alignfull is-horizontal is-content-justification-center is-layout-flex wp-container-core-buttons-is-layout-499968f5 wp-block-buttons-is-layout-flex\">\n<div class=\"wp-block-button has-custom-width wp-block-button__width-100\"><a class=\"wp-block-button__link has-white-color has-text-color has-background no-border-radius has-custom-font-size wp-element-button\" style=\"background-color:#000000;font-size:22px\">35,00\u20ac\/Monat<\/a><\/div>\n<\/div>\n<\/div>\n\n\n\n<div class=\"wp-block-column has-vivid-green-cyan-background-color has-text-color has-background has-link-color wp-elements-90f4979b8e5b531d4fc9d29d3a480b9c is-layout-flow wp-block-column-is-layout-flow\" style=\"color:#000000;padding-top:2em;padding-right:2em;padding-bottom:2em;padding-left:2em\">\n<h2 class=\"wp-block-heading\" id=\"patron\" style=\"font-size:33px\">Kinder\/Jugendliche<\/h2>\n\n\n\n<p class=\"has-normal-font-size\"><\/p>\n\n\n\n<hr class=\"wp-block-separator has-css-opacity is-style-wide\"\/>\n\n\n\n<ul class=\"wp-block-list has-normal-font-size\">\n<li>bis 18 Jahre<\/li>\n\n\n\n<li>Aufnahmegeb\u00fchr (einmalig) 15,00\u20ac<\/li>\n<\/ul>\n\n\n\n<div class=\"wp-block-buttons alignfull is-horizontal is-content-justification-center is-layout-flex wp-container-core-buttons-is-layout-499968f5 wp-block-buttons-is-layout-flex\">\n<div class=\"wp-block-button has-custom-width wp-block-button__width-100\"><a class=\"wp-block-button__link has-white-color has-text-color has-background no-border-radius has-custom-font-size wp-element-button\" style=\"background-color:#000000;font-size:22px\">7,50\u20ac\/Monat<\/a><\/div>\n<\/div>\n<\/div>\n<\/div>\n\n\n\n<div style=\"height:100px\" aria-hidden=\"true\" class=\"wp-block-spacer\"><\/div>\n\n\n\n<p>Familienangeh\u00f6rige Kinder\/Jugendliche ab 18 Jahren werden aus dem Familienbeitrag ausgegliedert und zahlen den Einzelbetrag Erwachsene. Erwachsene, die \u00fcber das 18. Lebensjahr hinaus bis zum 21. Lebensjahr weiterhin zur Schule gehen und ohne eigenes Einkommen sind, k\u00f6nnen ebenfalls den Mitgliedsbeitrag eines Jugendlichen bezahlen, wenn sie dies schriftlich beim Vorstand anzeigen und eine Bescheinigung vorlegen. Der Nachweis muss j\u00e4hrlich erfolgen.<\/p>\n","protected":false},"excerpt":{"rendered":"<p>Die&nbsp;Mitgliedschaft in der Tauchgemeinschaft Papenburg 1979 e.V.ist beim Vorstand zu beantragen. Einen entsprechenden Antrag findest Du in der Mediathek, unten oder rechts \u00fcber die Grafik zum Herunterladen oder&nbsp;wenn du hier klickst.&nbsp;Die f\u00fcr eine Mitgliedschaft anfallenden Kosten sind detailiert in der Beitrittserkl\u00e4rung aufgef\u00fchrt, lassen sich aber auch aus unten folgender Auflistung entnehmen und beinhalten neben den&hellip; <br \/> <a class=\"read-more\" href=\"https:\/\/tgp-papenburg.de\/?page_id=276\">Weiterlesen<\/a><\/p>\n","protected":false},"author":1,"featured_media":0,"parent":35,"menu_order":6,"comment_status":"closed","ping_status":"closed","template":"","meta":{"ngg_post_thumbnail":0,"footnotes":""},"class_list":["post-276","page","type-page","status-publish","hentry"],"_links":{"self":[{"href":"https:\/\/tgp-papenburg.de\/index.php?rest_route=\/wp\/v2\/pages\/276","targetHints":{"allow":["GET"]}}],"collection":[{"href":"https:\/\/tgp-papenburg.de\/index.php?rest_route=\/wp\/v2\/pages"}],"about":[{"href":"https:\/\/tgp-papenburg.de\/index.php?rest_route=\/wp\/v2\/types\/page"}],"author":[{"embeddable":true,"href":"https:\/\/tgp-papenburg.de\/index.php?rest_route=\/wp\/v2\/users\/1"}],"replies":[{"embeddable":true,"href":"https:\/\/tgp-papenburg.de\/index.php?rest_route=%2Fwp%2Fv2%2Fcomments&post=276"}],"version-history":[{"count":52,"href":"https:\/\/tgp-papenburg.de\/index.php?rest_route=\/wp\/v2\/pages\/276\/revisions"}],"predecessor-version":[{"id":5615,"href":"https:\/\/tgp-papenburg.de\/index.php?rest_route=\/wp\/v2\/pages\/276\/revisions\/5615"}],"up":[{"embeddable":true,"href":"https:\/\/tgp-papenburg.de\/index.php?rest_route=\/wp\/v2\/pages\/35"}],"wp:attachment":[{"href":"https:\/\/tgp-papenburg.de\/index.php?rest_route=%2Fwp%2Fv2%2Fmedia&parent=276"}],"curies":[{"name":"wp","href":"https:\/\/api.w.org\/{rel}","templated":true}]}}