{"id":3335,"date":"2022-06-16T09:52:17","date_gmt":"2022-06-16T07:52:17","guid":{"rendered":"https:\/\/tgp-papenburg.de\/?page_id=3335"},"modified":"2022-12-06T15:28:51","modified_gmt":"2022-12-06T14:28:51","slug":"unser-tauchrevier","status":"publish","type":"page","link":"https:\/\/tgp-papenburg.de\/?page_id=3335","title":{"rendered":"Unser Tauchrevier"},"content":{"rendered":"\n<p class=\"has-large-font-size\"><strong>unsere heimischen Tauchgebiete<\/strong><\/p>\n\n\n\n<p class=\"has-white-color has-text-color\">.<\/p>\n\n\n\n<p class=\"has-medium-font-size\"><strong>Geprengte Br\u00fccke (Neuer Kanal)<\/strong><\/p>\n\n\n\n<div class=\"wp-block-columns is-layout-flex wp-container-core-columns-is-layout-9d6595d7 wp-block-columns-is-layout-flex\">\n<div class=\"wp-block-column is-vertically-aligned-top is-layout-flow wp-block-column-is-layout-flow\" style=\"flex-basis:100%\">\n<div class=\"wp-block-columns is-layout-flex wp-container-core-columns-is-layout-9d6595d7 wp-block-columns-is-layout-flex\">\n<div class=\"wp-block-column is-layout-flow wp-block-column-is-layout-flow\"><p><iframe src=\"https:\/\/www.google.com\/maps\/embed?pb=!1m18!1m12!1m3!1d1020.2200721352068!2d7.35279976660006!3d53.07861274266656!2m3!1f0!2f0!3f0!3m2!1i1024!2i768!4f13.1!3m3!1m2!1s0x47b7b39e834538c3%3A0xce6961d1e847f1a5!2sGesprengte%20Br%C3%BCcke!5e1!3m2!1sde!2sde!4v1655316131608!5m2!1sde!2sde\" style=\"border:0;\" allowfullscreen=\"\" loading=\"lazy\" referrerpolicy=\"no-referrer-when-downgrade\" width=\"600\" height=\"450\"><\/iframe><\/p>\n<\/div>\n\n\n\n<div class=\"wp-block-column is-vertically-aligned-top is-layout-flow wp-block-column-is-layout-flow\">\n<ul class=\"wp-block-list\"><li>Tiefe: 6 Meter<\/li><li>Sicht: 2-4 Meter<\/li><li>Breit: 60-144 Meter<\/li><li>L\u00e4nge: 868 Meter<\/li><li>Leben: viele Pflanzen, Hechte, Barsche, Karpfen<\/li><li>Das Tauchen ist nur von der Bokelerstra\u00dfe bis zur Boje erlaubt. Die Boje befindet sich in der Mitte des Sees.<br>Der See wird ebenfalls von Angler genutzt, nimmt gegenseitig R\u00fccksicht aufeinander!<\/li><\/ul>\n\n\n\n<div class=\"wp-block-image is-style-rounded\"><figure class=\"aligncenter size-full is-resized\"><img loading=\"lazy\" decoding=\"async\" src=\"https:\/\/tgp-papenburg.de\/wp-content\/uploads\/2020\/12\/2020-09-17-07-1.png\" alt=\"\" class=\"wp-image-1890\" width=\"333\" height=\"187\" srcset=\"https:\/\/tgp-papenburg.de\/wp-content\/uploads\/2020\/12\/2020-09-17-07-1.png 1024w, https:\/\/tgp-papenburg.de\/wp-content\/uploads\/2020\/12\/2020-09-17-07-1-300x169.png 300w, https:\/\/tgp-papenburg.de\/wp-content\/uploads\/2020\/12\/2020-09-17-07-1-768x432.png 768w\" sizes=\"auto, (max-width: 333px) 100vw, 333px\" \/><\/figure><\/div>\n<\/div>\n<\/div>\n<\/div>\n<\/div>\n\n\n\n<p class=\"has-text-align-center has-text-color\" style=\"color:#ff0000;font-size:18px\"><strong>Wichtig: Als Fremdtaucher ist das Tauchen nur mit einer Genehmigung (durch uns) erlaubt!<br><a href=\"mailto:neuerkanal@tgp-papenburg.de\">Anmeldung hier<\/a><\/strong><\/p>\n\n\n\n<hr class=\"wp-block-separator\"\/>\n\n\n\n<p class=\"has-medium-font-size\"><strong>Speicherbecken Geeste<\/strong><\/p>\n\n\n\n<div class=\"wp-block-columns is-layout-flex wp-container-core-columns-is-layout-9d6595d7 wp-block-columns-is-layout-flex\">\n<div class=\"wp-block-column is-layout-flow wp-block-column-is-layout-flow\"><p><iframe src=\"https:\/\/www.google.com\/maps\/embed?pb=!1m18!1m12!1m3!1d3057.9538894060947!2d7.281485048863259!3d52.59417505629218!2m3!1f0!2f0!3f0!3m2!1i1024!2i768!4f13.1!3m3!1m2!1s0x47b78f6a2c522a2b%3A0x99022756527e0aba!2sSpeicherbecken%20Geeste!5e1!3m2!1sde!2sde!4v1655359427668!5m2!1sde!2sde\" style=\"border:0;\" allowfullscreen=\"\" loading=\"lazy\" referrerpolicy=\"no-referrer-when-downgrade\" width=\"600\" height=\"450\"><\/iframe><\/p>\n<\/div>\n\n\n\n<div class=\"wp-block-column is-layout-flow wp-block-column-is-layout-flow\">\n<ul class=\"wp-block-list\"><li>Tiefe: 11 Meter<\/li><li>Sicht: 4-5 Meter<\/li><li>Breite: 460 Meter bis 1,2 Km<\/li><li>L\u00e4nge: 2,14 km<\/li><li>Leben: Sehensw\u00fcrdigkeiten, Aale, Barsche, Einsiedlerkrebs<\/li><li>Tauchplatzkarte: <a href=\"https:\/\/www.tg-lingen.de\/geeste\/\">Speicherbecken Geeste<\/a><\/li><li>Anmeldung \u00fcber <a href=\"https:\/\/www.tauchclub-hydra-lingen.de\/index.php\/speicherbecken\/anmeldung-speicherbecken\">TG Hydra Lingen e.V.<\/a><\/li><\/ul>\n\n\n\n<div class=\"wp-block-image is-style-rounded\"><figure class=\"aligncenter size-full is-resized\"><img loading=\"lazy\" decoding=\"async\" src=\"https:\/\/tgp-papenburg.de\/wp-content\/uploads\/2022\/06\/2021-06-20-012.png\" alt=\"\" class=\"wp-image-3413\" width=\"315\" height=\"177\" srcset=\"https:\/\/tgp-papenburg.de\/wp-content\/uploads\/2022\/06\/2021-06-20-012.png 1024w, https:\/\/tgp-papenburg.de\/wp-content\/uploads\/2022\/06\/2021-06-20-012-300x169.png 300w, https:\/\/tgp-papenburg.de\/wp-content\/uploads\/2022\/06\/2021-06-20-012-768x432.png 768w\" sizes=\"auto, (max-width: 315px) 100vw, 315px\" \/><\/figure><\/div>\n<\/div>\n<\/div>\n\n\n\n<p class=\"has-text-align-center has-text-color\" style=\"color:#ff0000;font-size:18px\"><strong>Wichtig: Das Tauchen ist nur im Strandbereich erlaubt.<\/strong><\/p>\n\n\n\n<hr class=\"wp-block-separator\"\/>\n\n\n\n<p class=\"has-medium-font-size\"><strong>Dankern See<\/strong><\/p>\n\n\n\n<div class=\"wp-block-columns is-layout-flex wp-container-core-columns-is-layout-9d6595d7 wp-block-columns-is-layout-flex\">\n<div class=\"wp-block-column is-layout-flow wp-block-column-is-layout-flow\"><p><iframe src=\"https:\/\/www.google.com\/maps\/embed?pb=!1m18!1m12!1m3!1d2347.0360742359476!2d7.1848296396273374!3d52.797713834306094!2m3!1f0!2f0!3f0!3m2!1i1024!2i768!4f13.1!3m3!1m2!1s0x0%3A0x715b2037fabc2a2f!2s52%C2%B047'52.6%22N%207%C2%B011'08.1%22E%2C%20(52.797954%2C%207.185571)!5e1!3m2!1sde!2sde!4v1655365315621!5m2!1sde!2sde\" style=\"border:0;\" allowfullscreen=\"\" loading=\"lazy\" referrerpolicy=\"no-referrer-when-downgrade\" width=\"600\" height=\"450\"><\/iframe><\/p>\n<\/div>\n\n\n\n<div class=\"wp-block-column is-layout-flow wp-block-column-is-layout-flow\">\n<ul class=\"wp-block-list\"><li>Tiefe: 13 Meter<\/li><li>Sicht: 4-5 Meter<\/li><li>Breite: 333 Meter<\/li><li>L\u00e4nge: 535 Meter<\/li><li>Leben: Sehensw\u00fcrdigkeiten<\/li><li>weitere Infos: <a href=\"https:\/\/www.tauchschule-dankern.de\/\">Tauchschule Dankern<\/a><\/li><\/ul>\n\n\n\n<div class=\"wp-block-image is-style-rounded\"><figure class=\"aligncenter size-full is-resized\"><img loading=\"lazy\" decoding=\"async\" src=\"https:\/\/tgp-papenburg.de\/wp-content\/uploads\/2022\/06\/vlcsnap-2021-09-26-20h31m52s135.png\" alt=\"\" class=\"wp-image-3419\" width=\"317\" height=\"178\" srcset=\"https:\/\/tgp-papenburg.de\/wp-content\/uploads\/2022\/06\/vlcsnap-2021-09-26-20h31m52s135.png 1024w, https:\/\/tgp-papenburg.de\/wp-content\/uploads\/2022\/06\/vlcsnap-2021-09-26-20h31m52s135-300x169.png 300w, https:\/\/tgp-papenburg.de\/wp-content\/uploads\/2022\/06\/vlcsnap-2021-09-26-20h31m52s135-768x432.png 768w\" sizes=\"auto, (max-width: 317px) 100vw, 317px\" \/><\/figure><\/div>\n<\/div>\n<\/div>\n\n\n\n<p class=\"has-text-align-center has-text-color\" style=\"color:#ff0000;font-size:18px\"><strong>Wichtig: Das Tauchen ist \u00fcber die Tauchschule Dankern anzumelden.<\/strong><\/p>\n","protected":false},"excerpt":{"rendered":"<p>unsere heimischen Tauchgebiete . Geprengte Br\u00fccke (Neuer Kanal) Tiefe: 6 Meter Sicht: 2-4 Meter Breit: 60-144 Meter L\u00e4nge: 868 Meter Leben: viele Pflanzen, Hechte, Barsche, Karpfen Das Tauchen ist nur von der Bokelerstra\u00dfe bis zur Boje erlaubt. Die Boje befindet sich in der Mitte des Sees.Der See wird ebenfalls von Angler genutzt, nimmt gegenseitig R\u00fccksicht&hellip; <br \/> <a class=\"read-more\" href=\"https:\/\/tgp-papenburg.de\/?page_id=3335\">Weiterlesen<\/a><\/p>\n","protected":false},"author":1,"featured_media":0,"parent":0,"menu_order":0,"comment_status":"closed","ping_status":"closed","template":"","meta":{"ngg_post_thumbnail":0,"footnotes":""},"class_list":["post-3335","page","type-page","status-publish","hentry"],"_links":{"self":[{"href":"https:\/\/tgp-papenburg.de\/index.php?rest_route=\/wp\/v2\/pages\/3335","targetHints":{"allow":["GET"]}}],"collection":[{"href":"https:\/\/tgp-papenburg.de\/index.php?rest_route=\/wp\/v2\/pages"}],"about":[{"href":"https:\/\/tgp-papenburg.de\/index.php?rest_route=\/wp\/v2\/types\/page"}],"author":[{"embeddable":true,"href":"https:\/\/tgp-papenburg.de\/index.php?rest_route=\/wp\/v2\/users\/1"}],"replies":[{"embeddable":true,"href":"https:\/\/tgp-papenburg.de\/index.php?rest_route=%2Fwp%2Fv2%2Fcomments&post=3335"}],"version-history":[{"count":53,"href":"https:\/\/tgp-papenburg.de\/index.php?rest_route=\/wp\/v2\/pages\/3335\/revisions"}],"predecessor-version":[{"id":3602,"href":"https:\/\/tgp-papenburg.de\/index.php?rest_route=\/wp\/v2\/pages\/3335\/revisions\/3602"}],"wp:attachment":[{"href":"https:\/\/tgp-papenburg.de\/index.php?rest_route=%2Fwp%2Fv2%2Fmedia&parent=3335"}],"curies":[{"name":"wp","href":"https:\/\/api.w.org\/{rel}","templated":true}]}}