{"id":5188,"date":"2025-11-05T08:54:10","date_gmt":"2025-11-05T07:54:10","guid":{"rendered":"https:\/\/tgp-papenburg.de\/?page_id=5188"},"modified":"2025-11-05T08:58:34","modified_gmt":"2025-11-05T07:58:34","slug":"nachruf-hubsy","status":"publish","type":"page","link":"https:\/\/tgp-papenburg.de\/?page_id=5188","title":{"rendered":"Nachruf Hubsy"},"content":{"rendered":"\n<div class=\"wp-block-media-text is-stacked-on-mobile\" style=\"grid-template-columns:32% auto\"><figure class=\"wp-block-media-text__media\"><img loading=\"lazy\" decoding=\"async\" width=\"272\" height=\"294\" src=\"https:\/\/tgp-papenburg.de\/wp-content\/uploads\/2025\/11\/2025-10-29-Hubsy.png\" alt=\"\" class=\"wp-image-5190 size-full\"\/><\/figure><div class=\"wp-block-media-text__content\">\n<p class=\"has-medium-font-size\"><strong><em>Tief betroffen haben wir erfahren, dass unser Freund und Sportkamerad<\/em><\/strong><\/p>\n\n\n\n<p style=\"font-size:16px\">*30.05.1956 \u2013 \u2020 29.10.2025<\/p>\n\n\n\n<p><\/p>\n<\/div><\/div>\n\n\n\n<p class=\"has-white-color has-text-color has-link-color wp-elements-7e4ac651328708ea719ac0894fa30934\">.<\/p>\n\n\n\n<p class=\"has-medium-font-size\">Hubert (<strong><em>Hubsy<\/em><\/strong>) Sinzig<\/p>\n\n\n\n<p>pl\u00f6tzlich und f\u00fcr uns alle unerwartet verstorben ist.<\/p>\n\n\n\n<p>\u00dcber viele Jahrzehnte hat Hubsy den Tauchgemeinschaft Papenburg e.V. als Ausbilder, Servicetechniker, Gutachter und Freund begleitet.<\/p>\n\n\n\n<p>Viele haben seine Seminare besucht und einen Menschen getroffen, der durch seine offene, humorvolle und ehrliche Art jeden in seinen Bann ziehen konnte. Seine Art auch schwierige und komplizierte Dinge zu erkl\u00e4ren, hat vielen das Verst\u00e4ndnis der Tauchtechnik nahegebracht. Seine Liebe zum Ehrenamt und seine pragmatischen Ans\u00e4tze haben vielen Tauchvereinen geholfen ihre Tauchtechnik sicher zu machen.<\/p>\n\n\n\n<p>Viele Jahrzehnte war Hubsy ein gern gesehener Gast auf vielen Veranstaltungen im Tauchbereich. Sein Leben hatte er den Tauchsport und dessen Technik gewidmet.<br>Fiel der Begriff Atemluftkompressor in der Taucherszene kam zeitgleich der Name Hubsy verkn\u00fcpft.<\/p>\n\n\n\n<p>Seine freundliche, offene, gradlinige und humorvolle Art wird uns immer in Erinnerung bleiben. Vieles war noch geplant. Aber es sollte leider nicht mehr sein.<\/p>\n\n\n\n<p>Sein Weggang rei\u00dft eine tiefe L\u00fccke. Die Erinnerungen an gemeinsame Stunden und Erlebnisse bleiben. Zur\u00fcck bleibt neben der Trauer auch das Gl\u00fcck einen Menschen wie Hubsy kennengelernt zu haben, sowie die Ehre ihn ein St\u00fcck seines Weges begleitet haben zu d\u00fcrfen.<\/p>\n\n\n\n<p>Wir danken ihn f\u00fcr diese gemeinsame Zeit<br>und werden ihn stets in dankbarer und guter Erinnerung behalten.<\/p>\n\n\n\n<p>Unser besonderes Mitgef\u00fchl und aufrichtiges Beileid gelten seiner Familie.<\/p>\n\n\n\n<p class=\"has-text-align-right\">Papenburg, 03.11.2025<\/p>\n","protected":false},"excerpt":{"rendered":"<p>Tief betroffen haben wir erfahren, dass unser Freund und Sportkamerad *30.05.1956 \u2013 \u2020 29.10.2025 . Hubert (Hubsy) Sinzig pl\u00f6tzlich und f\u00fcr uns alle unerwartet verstorben ist. \u00dcber viele Jahrzehnte hat Hubsy den Tauchgemeinschaft Papenburg e.V. als Ausbilder, Servicetechniker, Gutachter und Freund begleitet. Viele haben seine Seminare besucht und einen Menschen getroffen, der durch seine offene,&hellip; <br \/> <a class=\"read-more\" href=\"https:\/\/tgp-papenburg.de\/?page_id=5188\">Weiterlesen<\/a><\/p>\n","protected":false},"author":1,"featured_media":0,"parent":0,"menu_order":0,"comment_status":"closed","ping_status":"closed","template":"","meta":{"ngg_post_thumbnail":0,"footnotes":""},"class_list":["post-5188","page","type-page","status-publish","hentry"],"_links":{"self":[{"href":"https:\/\/tgp-papenburg.de\/index.php?rest_route=\/wp\/v2\/pages\/5188","targetHints":{"allow":["GET"]}}],"collection":[{"href":"https:\/\/tgp-papenburg.de\/index.php?rest_route=\/wp\/v2\/pages"}],"about":[{"href":"https:\/\/tgp-papenburg.de\/index.php?rest_route=\/wp\/v2\/types\/page"}],"author":[{"embeddable":true,"href":"https:\/\/tgp-papenburg.de\/index.php?rest_route=\/wp\/v2\/users\/1"}],"replies":[{"embeddable":true,"href":"https:\/\/tgp-papenburg.de\/index.php?rest_route=%2Fwp%2Fv2%2Fcomments&post=5188"}],"version-history":[{"count":5,"href":"https:\/\/tgp-papenburg.de\/index.php?rest_route=\/wp\/v2\/pages\/5188\/revisions"}],"predecessor-version":[{"id":5198,"href":"https:\/\/tgp-papenburg.de\/index.php?rest_route=\/wp\/v2\/pages\/5188\/revisions\/5198"}],"wp:attachment":[{"href":"https:\/\/tgp-papenburg.de\/index.php?rest_route=%2Fwp%2Fv2%2Fmedia&parent=5188"}],"curies":[{"name":"wp","href":"https:\/\/api.w.org\/{rel}","templated":true}]}}